{"id":10,"date":"2023-09-14T09:39:23","date_gmt":"2023-09-13T21:39:23","guid":{"rendered":"https:\/\/foundationnew.build.avoca.work\/?page_id=10"},"modified":"2026-03-30T20:44:05","modified_gmt":"2026-03-30T07:44:05","slug":"home","status":"publish","type":"page","link":"https:\/\/tetaioawatea.org.nz\/en\/","title":{"rendered":"Home"},"content":{"rendered":"","protected":false},"excerpt":{"rendered":"","protected":false},"author":4,"featured_media":0,"parent":0,"menu_order":1,"comment_status":"closed","ping_status":"closed","template":"","meta":{"_acf_changed":false,"_seopress_robots_primary_cat":"","_seopress_titles_title":"Te Tai o Awatea -","_seopress_titles_desc":"He kaupapa t\u0113nei e t\u016bhono ai ng\u0101 t\u0101ngata whenua me te hapori M\u0101ori o Te Tai-o-Aorere kia whakarauora ai ng\u0101 taonga tuku iho a \u014d t\u0101tou m\u0101tua t\u012bpuna.","_seopress_robots_index":"","footnotes":""},"class_list":["post-10","page","type-page","status-publish","hentry"],"acf":[],"_links":{"self":[{"href":"https:\/\/tetaioawatea.org.nz\/en\/wp-json\/wp\/v2\/pages\/10","targetHints":{"allow":["GET"]}}],"collection":[{"href":"https:\/\/tetaioawatea.org.nz\/en\/wp-json\/wp\/v2\/pages"}],"about":[{"href":"https:\/\/tetaioawatea.org.nz\/en\/wp-json\/wp\/v2\/types\/page"}],"author":[{"embeddable":true,"href":"https:\/\/tetaioawatea.org.nz\/en\/wp-json\/wp\/v2\/users\/4"}],"replies":[{"embeddable":true,"href":"https:\/\/tetaioawatea.org.nz\/en\/wp-json\/wp\/v2\/comments?post=10"}],"version-history":[{"count":100,"href":"https:\/\/tetaioawatea.org.nz\/en\/wp-json\/wp\/v2\/pages\/10\/revisions"}],"predecessor-version":[{"id":2274,"href":"https:\/\/tetaioawatea.org.nz\/en\/wp-json\/wp\/v2\/pages\/10\/revisions\/2274"}],"wp:attachment":[{"href":"https:\/\/tetaioawatea.org.nz\/en\/wp-json\/wp\/v2\/media?parent=10"}],"curies":[{"name":"wp","href":"https:\/\/api.w.org\/{rel}","templated":true}]}}