{"id":1634,"date":"2024-11-05T21:45:48","date_gmt":"2024-11-05T08:45:48","guid":{"rendered":"https:\/\/tetaioawatea.org.nz\/?page_id=1634"},"modified":"2025-07-14T15:41:28","modified_gmt":"2025-07-14T03:41:28","slug":"kaupapa-here-mo-te-tiaki-tamariki","status":"publish","type":"page","link":"https:\/\/tetaioawatea.org.nz\/en\/policies\/kaupapa-here-mo-te-tiaki-tamariki\/","title":{"rendered":"Safeguarding Children Policy"},"content":{"rendered":"<div class=\"wp-block-image\">\n<figure class=\"aligncenter size-full\"><img loading=\"lazy\" decoding=\"async\" width=\"372\" height=\"387\" src=\"https:\/\/tetaioawatea.org.nz\/wp-content\/uploads\/2024\/11\/Screenshot-2024-11-06-000427.png\" alt=\"\" class=\"wp-image-1662\" srcset=\"https:\/\/tetaioawatea.org.nz\/wp-content\/uploads\/2024\/11\/Screenshot-2024-11-06-000427.png 372w, https:\/\/tetaioawatea.org.nz\/wp-content\/uploads\/2024\/11\/Screenshot-2024-11-06-000427-12x12.png 12w\" sizes=\"auto, (max-width: 372px) 100vw, 372px\" \/><\/figure>\n<\/div>\n\n\n<p class=\"has-text-align-center\"><strong><em>\"Protect and nurture the Flax Plant\u201d<\/em><\/strong><br><\/p>\n\n\n\n<h2 class=\"wp-block-heading\">Safeguarding Children Policy<\/h2>\n\n\n\n<p><strong>Why we have this policy:<\/strong><\/p>\n\n\n\n<p>Te Tai o Awatea understand we are all kaitiaki of our tamariki and rangatahi. Our kaupapa and guiding whet\u016b speak to the intention to ensure all our wh\u0101nau thrive. We acknowledge the taonga our mokopuna are both now and for the future, and that it is in their hands that our strength lies.<\/p>\n\n\n\n<p>Te Tai o Awatea understand that child abuse and neglect happens every day in Aotearoa, and lays deep damaging pathways for children both now and into their adult life.<\/p>\n\n\n\n<p><strong>What this policy does:<\/strong><\/p>\n\n\n\n<p>We have this policy to establish our commitment to making sure, in all our activities, that Te Tai o Awatea have safe people to run those activities so abuse cannot take place through those - relationships- (this is set out in our Safer Recruitment Policy), and that all our kaimahi are trained in identifying vulnerability, abuse and neglect, and know how to respond to it- (this is set out in the Safeguarding Procedures attached.)<\/p>\n\n\n\n<p>&nbsp;We have a clear policy that any concern of any kind about a tamariki or rangatahi must be reported by Kaimahi to Te Tai o Awatea\u2019s Designated Person, our Kaiwhakahaere immediately who will work with kaimahi to ensure this policy and attached procedures are followed in all situations. This is expected whether the concern arises from the child themselves, is disclosed by the child or another person,  or it arises from behaviour witnessed concerning one of our kaimahi towards  tamariki or rangatahi.&nbsp;&nbsp;<br><\/p>\n\n\n\n<p>Whilst we expect all our kaimahi and regular volunteers to follow this policy and procedures, if they have concerns about any tamariki or rangatahi, and they feel this policy or procedures are not effective in keeping a child safe, they may contact Oranga Tamariki directly, seek further advice and make a Report of Concern.<br><\/p>\n\n\n\n<p>The wellbeing of tamariki and rangatahi will always be our paramount consideration in all our decision making. We will ensure, by never working alone, that we have checks in place to prevent collusion with other adults, and we will never enter into Settlement Agreements which condone an adult\u2019s inappropriate behaviour towards a child.&nbsp;<br><\/p>\n\n\n\n<p>We will always share information with other agencies where that information is needed to keep a child or young person safe unless to do so will create more risk of harm to that young person or child. We have a Privacy Policy that provides further information about how we use information.&nbsp;<br><\/p>\n\n\n\n<p><strong>Who is this policy is for:<\/strong><\/p>\n\n\n\n<p>This policy is our guide for all Trustees and Kaimahi\/ contractors. (\u2018Te Tai o Awatea wh\u0101nau\u2019)<\/p>\n\n\n\n<p>Children and Young People: This policy applies to all children under the age of 14 years old and young people between the ages of 14 to 18 years of age who Te Tai o Awatea kaimahi come into contact with either directly or indirectly, during the course of their work.<\/p>\n\n\n\n<p><strong>Definitions used in this policy and procedures:<\/strong><\/p>\n\n\n\n<p>The Oranga Tamariki Act, 1989, defines child abuse as \"\u2026the harming (whether physically, emotionally, sexually), ill-treatment, abuse, neglect, or deprivation of any child or young person\u201d.<\/p>\n\n\n\n<p>A child is a person under the age of 14 years old.<\/p>\n\n\n\n<p>A young person is a person of or over the age of 14 years but under 18 years.<\/p>\n\n\n\n<p>Early intervention is the process of identifying child or youth vulnerability and risk early, and following a process to put in place supports to strengthen well-being and health of the child and wh\u0101nau. Early intervention often includes an integrated community response.<\/p>\n\n\n\n<p>Child Protection is the action taken when a concern of child abuse or neglect are held.\nMore information about types of abuse and signs that can be seen on a child or young person can be found in Appendix A.&nbsp;<\/p>\n\n\n\n<p><strong>Training and Induction:<\/strong><\/p>\n\n\n\n<p>Our Designated Person will ensure that all kaimahi, contractors and regular volunteers are trained bi-annually in identifying and responding to vulnerability, risk, and child protection.<\/p>\n\n\n\n<p>They will ensure that all new kaimahi are inducted into this policy and procedures, and as soon as possible, will attend child protection training. If this is not possible for some time, the Designated Person will ensure child protection training is completed by  E-Learning within three months.<\/p>\n\n\n\n<p>Related Policies:<\/p>\n\n\n\n<p>\u00b7 &nbsp; &nbsp; &nbsp; &nbsp; Ng\u0101 whakaritenga m\u014d te tono i te Kaimahi Tika<\/p>\n\n\n\n<p>\u00b7 &nbsp; &nbsp; &nbsp; &nbsp; Ko ng\u0101 tikanga haumaru<\/p>\n\n\n\n<p><strong>\u00b7 &nbsp; &nbsp; &nbsp; &nbsp; <\/strong>Code of conduct<\/p>\n\n\n\n<p>\u00b7 &nbsp; &nbsp; &nbsp; &nbsp; K\u014drero Matatapu me te Whakapuaki k\u014drero<\/p>\n\n\n\n<p>\u00b7 &nbsp; &nbsp; &nbsp; &nbsp; Kaupapa here m\u014d te Whaakitanga<\/p>\n\n\n\n<p>\u00b7 &nbsp; &nbsp; &nbsp; &nbsp; Tohatoha o ng\u0101 whakaahua me te hopu whakaahua<\/p>\n\n\n\n<p>\u00b7 &nbsp; &nbsp; &nbsp; &nbsp; Kaupapa here m\u014d te Hauora me te Haumaru.<\/p>\n\n\n\n<p><strong>This policy is related to the following legislation:<\/strong><\/p>\n\n\n\n<ul class=\"wp-block-list\">\n<li>Te Tiriti O Waitangi 1840<\/li>\n\n\n\n<li>Oranga Tamariki Act 1989<\/li>\n\n\n\n<li>Privacy Act 2020<\/li>\n\n\n\n<li>Human Rights Act 1993<\/li>\n\n\n\n<li>Family Violence Act 2018<\/li>\n\n\n\n<li>Health and Safety Act 2015<\/li>\n\n\n\n<li>Children\u2019s Act 2014<\/li>\n\n\n\n<li>United Nations Convention on the Rights of the Child (UNCROC) 1989<\/li>\n<\/ul>\n\n\n\n<p><strong>Review and Responsibility:<\/strong><\/p>\n\n\n\n<p>The Board of Trustees are responsible for this policy and will review it at least every year, upon change in legislation, or upon any child protection incident.\nThe Board of Trustees may delegate review and development of the procedures to the Kaiwhakahaere.\nDate.  7th August 2024.&nbsp;<\/p>\n\n\n\n<p><strong>PROCEDURES.\nOur Procedures are:<\/strong><\/p>\n\n\n\n<p>Procedure 1: Responding to Suspected or Actual Child or Young Person Vulnerability, Abuse or Neglect.<\/p>\n\n\n\n<p>Procedure 2: Responding to an allegation of child abuse or neglect by a staff member or volunteer.<\/p>\n\n\n\n<p>Procedure 3: Responding to a disclosure of child abuse or neglect.<\/p>\n\n\n\n<p><strong><em>&nbsp;Appendix:\/ <\/em><\/strong><strong>Appendix:<\/strong><\/p>\n\n\n\n<p>A: Ng\u0101 P\u016b-Tautahi m\u014d te T\u016bkino me te Iwikore \/ Definitions of Abuse and Neglect<\/p>\n\n\n\n<p>B: Ng\u0101 Tohu m\u014d te T\u016bkino me te Iwikore \/ Indicators of Abuse and Neglect<\/p>\n\n\n\n<p>C: TTOA Puka \u0100wangawanga m\u014d te Tamariki \/ TTOA Tamariki and Rangatahi Concern form<\/p>\n\n\n\n<p>D: Mapi o te T\u012bnana \/ Body Map&nbsp;<\/p>\n\n\n\n<p>E: R\u0101rangi m\u014d ng\u0101 Tohu Whakaraeraetanga \/ List of Vulnerability Factors<\/p>\n\n\n\n<p><\/p>","protected":false},"excerpt":{"rendered":"<p>\u201cTiakina te P\u0101 Harakeke\u201d Kaupapa Here m\u014d te Tiaki Tamariki N\u0101 te aha i whakarite ai m\u0101tou ki t\u0113nei kaupapa here? E m\u0101rama ana a Te Tai-o-Awatea, he kaitiaki m\u014d \u0101-t\u0101tou tamariki me ng\u0101 rangatahi. He mea arahi, ko ng\u0101 kaupapa me ng\u0101 whet\u016b hei oranga-tonu-tanga m\u014d ng\u0101 wh\u0101nau kia puawai ai. He taonga p\u016bmau, [&hellip;]<\/p>\n","protected":false},"author":7,"featured_media":0,"parent":1570,"menu_order":1,"comment_status":"closed","ping_status":"closed","template":"","meta":{"_acf_changed":false,"_seopress_robots_primary_cat":"","_seopress_titles_title":"","_seopress_titles_desc":"","_seopress_robots_index":"","footnotes":""},"class_list":["post-1634","page","type-page","status-publish","hentry"],"acf":[],"_links":{"self":[{"href":"https:\/\/tetaioawatea.org.nz\/en\/wp-json\/wp\/v2\/pages\/1634","targetHints":{"allow":["GET"]}}],"collection":[{"href":"https:\/\/tetaioawatea.org.nz\/en\/wp-json\/wp\/v2\/pages"}],"about":[{"href":"https:\/\/tetaioawatea.org.nz\/en\/wp-json\/wp\/v2\/types\/page"}],"author":[{"embeddable":true,"href":"https:\/\/tetaioawatea.org.nz\/en\/wp-json\/wp\/v2\/users\/7"}],"replies":[{"embeddable":true,"href":"https:\/\/tetaioawatea.org.nz\/en\/wp-json\/wp\/v2\/comments?post=1634"}],"version-history":[{"count":10,"href":"https:\/\/tetaioawatea.org.nz\/en\/wp-json\/wp\/v2\/pages\/1634\/revisions"}],"predecessor-version":[{"id":1828,"href":"https:\/\/tetaioawatea.org.nz\/en\/wp-json\/wp\/v2\/pages\/1634\/revisions\/1828"}],"up":[{"embeddable":true,"href":"https:\/\/tetaioawatea.org.nz\/en\/wp-json\/wp\/v2\/pages\/1570"}],"wp:attachment":[{"href":"https:\/\/tetaioawatea.org.nz\/en\/wp-json\/wp\/v2\/media?parent=1634"}],"curies":[{"name":"wp","href":"https:\/\/api.w.org\/{rel}","templated":true}]}}